{"id":73,"date":"2023-04-26T10:09:15","date_gmt":"2023-04-26T10:09:15","guid":{"rendered":"https:\/\/weigand.team\/?page_id=73"},"modified":"2023-04-27T11:48:41","modified_gmt":"2023-04-27T11:48:41","slug":"kontakt","status":"publish","type":"page","link":"https:\/\/weigand.team\/?page_id=73","title":{"rendered":"Kontakt"},"content":{"rendered":"\n<div class=\"wp-block-columns is-layout-flex wp-container-core-columns-is-layout-9d6595d7 wp-block-columns-is-layout-flex\">\n<div class=\"wp-block-column is-layout-flow wp-block-column-is-layout-flow\" style=\"flex-basis:100%\">\n<figure class=\"wp-block-table aligncenter is-style-regular\"><table><tbody><tr><td class=\"has-text-align-center\" data-align=\"center\">Wenn Sie etwas zu Geldanlagen z.B.&nbsp;Investmentfonds&nbsp;wissen m\u00f6chten&nbsp; oder <br>Wenn Sie \u00fcberlegen wie Sie Ihre&nbsp;Altersvorsorge&nbsp;gestalten sollen oder <br>Wenn Sie die&nbsp;Finanzierung f\u00fcr Ihr Eigenheim&nbsp;berechnen und Fragen auftauchen oder&nbsp; <br>Wenn Sie die richtige&nbsp;Immobilie&nbsp;noch nicht gefunden haben oder&nbsp; Wenn Sie uns einfach eine&nbsp;Nachricht&nbsp;senden m\u00f6chten\u00a6 <br><br><strong><em><a href=\"mailto:nachricht@weigand.team\">nachricht@weigand.team<\/a> <br>Telefon: 07150-30870 Fax: 07150-308710 <br>WhatsAPP 0170 6319819<\/em><\/strong><\/td><\/tr><tr><td class=\"has-text-align-center\" data-align=\"center\"><\/td><\/tr><tr><td class=\"has-text-align-center\" data-align=\"center\"><em>scannen sie die beigef\u00fcgten QRC Dateien mit ihrem Handy und sie haben unsere aktuellen Daten immer dabei:<\/em><\/td><\/tr><\/tbody><\/table><\/figure>\n<\/div>\n<\/div>\n\n\n\n<figure class=\"wp-block-gallery has-nested-images columns-default is-cropped wp-block-gallery-1 is-layout-flex wp-block-gallery-is-layout-flex\">\n<figure class=\"wp-block-image size-large\"><img loading=\"lazy\" decoding=\"async\" width=\"427\" height=\"436\" data-id=\"67\" src=\"https:\/\/weigand.team\/wp-content\/uploads\/2023\/04\/image-1.png\" alt=\"\" class=\"wp-image-67\" srcset=\"https:\/\/weigand.team\/wp-content\/uploads\/2023\/04\/image-1.png 427w, https:\/\/weigand.team\/wp-content\/uploads\/2023\/04\/image-1-294x300.png 294w\" sizes=\"auto, (max-width: 427px) 100vw, 427px\" \/><\/figure>\n\n\n\n<figure class=\"wp-block-image size-large\"><img loading=\"lazy\" decoding=\"async\" width=\"425\" height=\"436\" data-id=\"66\" src=\"https:\/\/weigand.team\/wp-content\/uploads\/2023\/04\/image.png\" alt=\"\" class=\"wp-image-66\" srcset=\"https:\/\/weigand.team\/wp-content\/uploads\/2023\/04\/image.png 425w, https:\/\/weigand.team\/wp-content\/uploads\/2023\/04\/image-292x300.png 292w\" sizes=\"auto, (max-width: 425px) 100vw, 425px\" \/><\/figure>\n<\/figure>\n","protected":false},"excerpt":{"rendered":"<p>Wenn Sie etwas zu Geldanlagen z.B.&nbsp;Investmentfonds&nbsp;wissen m\u00f6chten&nbsp; oder Wenn Sie \u00fcberlegen wie Sie Ihre&nbsp;Altersvorsorge&nbsp;gestalten sollen oder Wenn Sie die&nbsp;Finanzierung f\u00fcr Ihr Eigenheim&nbsp;berechnen und Fragen auftauchen oder&nbsp; Wenn Sie die richtige&nbsp;Immobilie&nbsp;noch nicht gefunden haben oder&nbsp; Wenn Sie uns einfach eine&nbsp;Nachricht&nbsp;senden m\u00f6chten\u00a6 nachricht@weigand.team Telefon: 07150-30870 Fax: 07150-308710 WhatsAPP 0170 6319819 scannen sie die beigef\u00fcgten QRC Dateien mit&hellip; <a class=\"more-link\" href=\"https:\/\/weigand.team\/?page_id=73\"><span class=\"screen-reader-text\">Kontakt<\/span> weiterlesen<\/a><\/p>\n","protected":false},"author":1,"featured_media":0,"parent":0,"menu_order":0,"comment_status":"closed","ping_status":"closed","template":"","meta":{"footnotes":""},"class_list":["post-73","page","type-page","status-publish","hentry","entry"],"_links":{"self":[{"href":"https:\/\/weigand.team\/index.php?rest_route=\/wp\/v2\/pages\/73","targetHints":{"allow":["GET"]}}],"collection":[{"href":"https:\/\/weigand.team\/index.php?rest_route=\/wp\/v2\/pages"}],"about":[{"href":"https:\/\/weigand.team\/index.php?rest_route=\/wp\/v2\/types\/page"}],"author":[{"embeddable":true,"href":"https:\/\/weigand.team\/index.php?rest_route=\/wp\/v2\/users\/1"}],"replies":[{"embeddable":true,"href":"https:\/\/weigand.team\/index.php?rest_route=%2Fwp%2Fv2%2Fcomments&post=73"}],"version-history":[{"count":6,"href":"https:\/\/weigand.team\/index.php?rest_route=\/wp\/v2\/pages\/73\/revisions"}],"predecessor-version":[{"id":128,"href":"https:\/\/weigand.team\/index.php?rest_route=\/wp\/v2\/pages\/73\/revisions\/128"}],"wp:attachment":[{"href":"https:\/\/weigand.team\/index.php?rest_route=%2Fwp%2Fv2%2Fmedia&parent=73"}],"curies":[{"name":"wp","href":"https:\/\/api.w.org\/{rel}","templated":true}]}}