{"id":38,"date":"2023-04-26T09:50:32","date_gmt":"2023-04-26T09:50:32","guid":{"rendered":"https:\/\/weigand.team\/?page_id=38"},"modified":"2024-12-23T09:27:24","modified_gmt":"2024-12-23T09:27:24","slug":"buerozeiten","status":"publish","type":"page","link":"https:\/\/weigand.team\/?page_id=38","title":{"rendered":"B\u00fcrozeiten"},"content":{"rendered":"\n<div class=\"wp-block-columns is-layout-flex wp-container-core-columns-is-layout-9d6595d7 wp-block-columns-is-layout-flex\">\n<div class=\"wp-block-column is-layout-flow wp-block-column-is-layout-flow\" style=\"flex-basis:100%\">\n<div class=\"wp-block-group\"><div class=\"wp-block-group__inner-container is-layout-constrained wp-block-group-is-layout-constrained\">\n<p><\/p>\n\n\n\n<p><\/p>\n\n\n\n<p class=\"has-text-align-center has-black-color has-text-color has-background\" style=\"background:radial-gradient(#D1D1E4 0%,#E4D1D1 100%)\">Unsere B\u00fcrozeiten:<br>\u00b7 Montag     10.00 &#8211; 13.00 Uhr<br>\u00b7 Dienstag   10.00 &#8211; 16.00 Uhr<br>\u00b7 Mittwoch geschlossen<br>\u00b7 Donnerstag 10.00 -16.00 Uhr<br>\u00b7 Freitag geschlossen<br> <br><em><strong>Wir sind f\u00fcr Sie da, wenn andere geschlossen haben.<\/strong> <\/em><img decoding=\"async\" class=\"wp-image-245\" style=\"width: NaNpx;\" src=\"https:\/\/weigand.team\/wp-content\/uploads\/2023\/11\/Weigand-Telefon.pdf\" alt=\"\"><br>Sie k\u00f6nnen gerne Termine au\u00dferhalb der \u00d6ffnungszeiten vereinbaren.<br><em>Bitte rufen Sie uns an<\/em>!!<\/p>\n<\/div><\/div>\n<\/div>\n<\/div>\n\n\n\n<ul class=\"wp-block-list\">\n<li><a href=\"https:\/\/goo.gl\/maps\/APjw5wFBC4zuaS957\" target=\"_blank\" rel=\"noreferrer noopener\"><strong>so finden Sie uns<\/strong><\/a><\/li>\n<\/ul>\n\n\n\n<p><\/p>\n","protected":false},"excerpt":{"rendered":"<p>Unsere B\u00fcrozeiten:\u00b7 Montag 10.00 &#8211; 13.00 Uhr\u00b7 Dienstag 10.00 &#8211; 16.00 Uhr\u00b7 Mittwoch geschlossen\u00b7 Donnerstag 10.00 -16.00 Uhr\u00b7 Freitag geschlossen Wir sind f\u00fcr Sie da, wenn andere geschlossen haben. Sie k\u00f6nnen gerne Termine au\u00dferhalb der \u00d6ffnungszeiten vereinbaren.Bitte rufen Sie uns an!!<\/p>\n","protected":false},"author":1,"featured_media":0,"parent":0,"menu_order":2,"comment_status":"closed","ping_status":"closed","template":"","meta":{"footnotes":""},"class_list":["post-38","page","type-page","status-publish","hentry","entry"],"_links":{"self":[{"href":"https:\/\/weigand.team\/index.php?rest_route=\/wp\/v2\/pages\/38","targetHints":{"allow":["GET"]}}],"collection":[{"href":"https:\/\/weigand.team\/index.php?rest_route=\/wp\/v2\/pages"}],"about":[{"href":"https:\/\/weigand.team\/index.php?rest_route=\/wp\/v2\/types\/page"}],"author":[{"embeddable":true,"href":"https:\/\/weigand.team\/index.php?rest_route=\/wp\/v2\/users\/1"}],"replies":[{"embeddable":true,"href":"https:\/\/weigand.team\/index.php?rest_route=%2Fwp%2Fv2%2Fcomments&post=38"}],"version-history":[{"count":15,"href":"https:\/\/weigand.team\/index.php?rest_route=\/wp\/v2\/pages\/38\/revisions"}],"predecessor-version":[{"id":307,"href":"https:\/\/weigand.team\/index.php?rest_route=\/wp\/v2\/pages\/38\/revisions\/307"}],"wp:attachment":[{"href":"https:\/\/weigand.team\/index.php?rest_route=%2Fwp%2Fv2%2Fmedia&parent=38"}],"curies":[{"name":"wp","href":"https:\/\/api.w.org\/{rel}","templated":true}]}}